{"id":9,"date":"2020-01-31T14:29:23","date_gmt":"2020-01-31T13:29:23","guid":{"rendered":"http:\/\/la25image.ovh\/?page_id=9"},"modified":"2026-01-30T12:31:36","modified_gmt":"2026-01-30T11:31:36","slug":"les-realisations","status":"publish","type":"page","link":"https:\/\/la25image.ovh\/index.php\/les-realisations\/","title":{"rendered":"portraits passion"},"content":{"rendered":"\n<div class=\"wp-block-cover aligncenter is-light has-white-color has-text-color has-link-color wp-elements-8445298758f398ce8bb45dc9fb4815fd wp-duotone-rgb000-rgb2541860-1\" style=\"min-height:163px;aspect-ratio:unset;\"><span aria-hidden=\"true\" class=\"wp-block-cover__background has-background-dim-100 has-background-dim\" style=\"background-color:#60997d\"><\/span><div class=\"wp-block-cover__inner-container is-layout-constrained wp-block-cover-is-layout-constrained\">\n<p class=\"has-text-align-center has-white-color has-text-color has-background has-link-color wp-elements-f2cccbf772e366181b81a4557e9cc445\" style=\"background-color:#60997d;font-size:16px;font-style:normal;font-weight:500\"><strong>Cette rubrique rassemble la collection de portraits de personnes rencontr\u00e9es au fil de l&rsquo;eau et ayant un parcours de vie, une personnalit\u00e9, une activit\u00e9 artistique qui a retenu l&rsquo;attention et donn\u00e9 envie de r\u00e9aliser un portrait (TEXTE A REECRIRE)<\/strong><\/p>\n<\/div><\/div>\n\n\n\n<p><\/p>\n\n\n\n<div class=\"wp-block-columns is-layout-flex wp-container-core-columns-is-layout-9d6595d7 wp-block-columns-is-layout-flex\">\n<div class=\"wp-block-column is-layout-flow wp-block-column-is-layout-flow\"><\/div>\n<\/div>\n\n\n\n<div class=\"wp-block-columns is-layout-flex wp-container-core-columns-is-layout-9d6595d7 wp-block-columns-is-layout-flex\">\n<div class=\"wp-block-column has-background is-layout-flow wp-block-column-is-layout-flow\" style=\"background-color:#9ac0b1\">\n<div class=\"wp-block-columns is-layout-flex wp-container-core-columns-is-layout-9d6595d7 wp-block-columns-is-layout-flex\">\n<div class=\"wp-block-column is-layout-flow wp-block-column-is-layout-flow\" style=\"flex-basis:33.33%\">\n<div style=\"padding:56.25% 0 0 0;position:relative;\"><iframe src=\"https:\/\/player.vimeo.com\/video\/388881231?badge=0&amp;autopause=0&amp;player_id=0&amp;app_id=58479\" frameborder=\"0\" allow=\"autoplay; fullscreen; picture-in-picture; clipboard-write; encrypted-media; web-share\" referrerpolicy=\"strict-origin-when-cross-origin\" style=\"position:absolute;top:0;left:0;width:100%;height:100%;\" title=\"R\u00e9cup Art juin 2018\"><\/iframe><\/div><script src=\"https:\/\/player.vimeo.com\/api\/player.js\"><\/script>\n\n\n\n<p style=\"font-size:11px\">Film documentaire de 20 mns mai 2018<\/p>\n<\/div>\n\n\n\n<div class=\"wp-block-column is-layout-flow wp-block-column-is-layout-flow\"><\/div>\n\n\n\n<div class=\"wp-block-column has-background is-layout-flow wp-block-column-is-layout-flow\" style=\"background-color:#9ac0b1;flex-basis:66.66%\">\n<p class=\"has-drop-cap\" style=\"font-size:14px;font-style:normal;font-weight:700\"><br><strong>R\u00e9cup\u00a0\u2018Art- Une Parcelle d\u2019Eternit\u00e9<\/strong><\/p>\n\n\n\n<p class=\"has-drop-cap\" style=\"font-size:12px;font-style:normal;font-weight:700\">Jean-Pierre Moreau a consacr\u00e9 tout son temps et son savoir faire de soudeur \u00e0 cette parcelle de terre, cach\u00e9e en pleine nature, en bordure du Taurion. Donner une nouvelle vie \u00e0 une multitude d\u2019objets h\u00e9t\u00e9roclites r\u00e9cup\u00e9r\u00e9s au gr\u00e9 de ses p\u00e9r\u00e9grinations \u00e9tait sa passion. Sculpteur omnipotent, il a cr\u00e9\u00e9 un univers aussi romantique que fantasque, peupl\u00e9 de constructions et de cr\u00e9atures insolites.<\/p>\n\n\n\n<p style=\"font-size:12px;font-style:normal;font-weight:800\">Mais aujourd\u2019hui Jean-Pierre Moreau n\u2019est plus l\u00e0, c\u2019est son \u00e9pouse Mich\u00e8le qui continue \u00e0 entretenir et faire vivre ce lieu magique, et c\u2019est sous sa conduite que l\u2019on plonge avec elle dans l\u2019imaginaire le plus d\u00e9brid\u00e9, le plus inattendu.<\/p>\n<\/div>\n<\/div>\n<\/div>\n<\/div>\n\n\n\n<p><\/p>\n\n\n\n<div class=\"wp-block-columns is-layout-flex wp-container-core-columns-is-layout-9d6595d7 wp-block-columns-is-layout-flex\">\n<div class=\"wp-block-column has-background is-layout-flow wp-block-column-is-layout-flow\" style=\"background-color:#9ac0b1\">\n<div class=\"wp-block-columns is-layout-flex wp-container-core-columns-is-layout-9d6595d7 wp-block-columns-is-layout-flex\">\n<div class=\"wp-block-column is-layout-flow wp-block-column-is-layout-flow\" style=\"flex-basis:33.33%\">\n<div style=\"padding:56.25% 0 0 0;position:relative;\"><iframe src=\"https:\/\/player.vimeo.com\/video\/388881003?badge=0&amp;autopause=0&amp;player_id=0&amp;app_id=58479\" frameborder=\"0\" allow=\"autoplay; fullscreen; picture-in-picture; clipboard-write; encrypted-media; web-share\" referrerpolicy=\"strict-origin-when-cross-origin\" style=\"position:absolute;top:0;left:0;width:100%;height:100%;\" title=\"les univers de St nicolas\"><\/iframe><\/div><script src=\"https:\/\/player.vimeo.com\/api\/player.js\"><\/script>\n\n\n\n<p style=\"font-size:11px\">Film documentaire de 20 mn  mai 2014<\/p>\n<\/div>\n\n\n\n<div class=\"wp-block-column is-layout-flow wp-block-column-is-layout-flow\" style=\"flex-basis:66.66%\">\n<p><\/p>\n\n\n\n<p class=\"has-drop-cap has-small-font-size\" style=\"font-style:normal;font-weight:900\">&nbsp;Vivre de lumi\u00e8re&nbsp;, c&rsquo;est le but ultime de ce sculpteur singulier dont on aper\u00e7oit les \u0153uvres dispos\u00e9es m\u00e9thodiquement dans un jardin, en longeant la route de St Nicolas, petit village du Limousin. C&rsquo;est aussi un peintre inspir\u00e9, un jardinier m\u00e9ticuleux qui nous parle de ses croyances et de son alimentation en lien avec \u00ab&nbsp;les \u00e9nergies positives qui nous entourent&nbsp;\u00bb.<\/p>\n\n\n\n<p class=\"has-small-font-size\" style=\"font-style:normal;font-weight:900\">Artiste marginal, \u00e9cologiste pratiquant, religieux sans religion, Jean-Marie de St Nicolas nous pr\u00e9sente ici un mode de vie libre et po\u00e9tique.<\/p>\n<\/div>\n<\/div>\n<\/div>\n<\/div>\n\n\n\n<p><\/p>\n\n\n\n<div class=\"wp-block-columns is-layout-flex wp-container-core-columns-is-layout-9d6595d7 wp-block-columns-is-layout-flex\">\n<div class=\"wp-block-column has-background is-layout-flow wp-block-column-is-layout-flow\" style=\"background-color:#9ac0b1\">\n<div class=\"wp-block-columns is-layout-flex wp-container-core-columns-is-layout-9d6595d7 wp-block-columns-is-layout-flex\">\n<div class=\"wp-block-column is-layout-flow wp-block-column-is-layout-flow\" style=\"flex-basis:33.33%\">\n<div style=\"padding:56.25% 0 0 0;position:relative;\"><iframe src=\"https:\/\/player.vimeo.com\/video\/405886545?badge=0&amp;autopause=0&amp;player_id=0&amp;app_id=58479\" frameborder=\"0\" allow=\"autoplay; fullscreen; picture-in-picture; clipboard-write; encrypted-media; web-share\" referrerpolicy=\"strict-origin-when-cross-origin\" style=\"position:absolute;top:0;left:0;width:100%;height:100%;\" title=\"Jean Estaque mai 2016\"><\/iframe><\/div><script src=\"https:\/\/player.vimeo.com\/api\/player.js\"><\/script>\n\n\n\n<p>Film documentaire de 22 mns \u2013 D\u00e9cembre 2015<\/p>\n<\/div>\n\n\n\n<div class=\"wp-block-column is-layout-flow wp-block-column-is-layout-flow\" style=\"flex-basis:66.66%\">\n<p class=\"has-text-align-left\" style=\"font-size:14px;font-style:normal;font-weight:800\"><strong>Jean Estaque, Homme de couleur<\/strong><\/p>\n\n\n\n<p class=\"has-drop-cap\" style=\"font-style:normal;font-weight:900\">Ce film s\u2019adresse aux amateurs d\u2019art, de po\u00e9sie, \u00e0 tous les curieux qui pourront d\u00e9couvrir \u00e0 travers ce documentaire la d\u00e9marche artistique singuli\u00e8re de Jean Estaque.<\/p>\n\n\n\n<p style=\"font-style:normal;font-weight:900\">Cet artiste limousin, grand amoureux de litt\u00e9rature par ailleurs, d\u00e9tourne, transforme des objets chin\u00e9s qu\u2019il met en sc\u00e8ne, cr\u00e9ant ainsi un univers sensible et toujours engag\u00e9.<\/p>\n\n\n\n<p class=\"has-text-align-center\" style=\"font-style:normal;font-weight:900\">Suivez le parcours de Jean Estaque, des Puces de la Cit\u00e9 \u00e0 Savennes en Creuse o\u00f9 sont install\u00e9s son atelier et sa galerie \u00ab&nbsp;Le Tailleu&nbsp;\u00bb, o\u00f9 il se pla\u00eet \u00e0 exposer plusieurs fois par an d\u2019autres artistes singuliers.<\/p>\n<\/div>\n<\/div>\n<\/div>\n<\/div>\n\n\n\n<p><\/p>\n\n\n\n<div class=\"wp-block-columns is-layout-flex wp-container-core-columns-is-layout-9d6595d7 wp-block-columns-is-layout-flex\">\n<div class=\"wp-block-column has-background is-layout-flow wp-block-column-is-layout-flow\" style=\"background-color:#9ac0b1\">\n<div class=\"wp-block-columns is-layout-flex wp-container-core-columns-is-layout-9d6595d7 wp-block-columns-is-layout-flex\">\n<div class=\"wp-block-column is-layout-flow wp-block-column-is-layout-flow\" style=\"flex-basis:33.33%\">\n<div style=\"padding:80% 0 0 0;position:relative;\"><iframe src=\"https:\/\/player.vimeo.com\/video\/1140850804?h=c42a3d1580&amp;badge=0&amp;autopause=0&amp;player_id=0&amp;app_id=58479\" frameborder=\"0\" allow=\"autoplay; fullscreen; picture-in-picture; clipboard-write; encrypted-media; web-share\" referrerpolicy=\"strict-origin-when-cross-origin\" style=\"position:absolute;top:0;left:0;width:100%;height:100%;\" title=\"PAD geo 2\"><\/iframe><\/div><script src=\"https:\/\/player.vimeo.com\/api\/player.js\"><\/script>\n<\/div>\n\n\n\n<div class=\"wp-block-column is-layout-flow wp-block-column-is-layout-flow\" style=\"flex-basis:66.66%\">\n<p class=\"has-text-align-center\" style=\"font-size:14px;font-style:normal;font-weight:800\"><\/p>\n<\/div>\n<\/div>\n<\/div>\n<\/div>\n\n\n\n<p><\/p>\n\n\n\n<div class=\"wp-block-columns has-background is-layout-flex wp-container-core-columns-is-layout-9d6595d7 wp-block-columns-is-layout-flex\" style=\"background-color:#9ac0b1\">\n<div class=\"wp-block-column is-layout-flow wp-block-column-is-layout-flow\">\n<div class=\"wp-block-columns is-layout-flex wp-container-core-columns-is-layout-9d6595d7 wp-block-columns-is-layout-flex\">\n<div class=\"wp-block-column is-layout-flow wp-block-column-is-layout-flow\" style=\"flex-basis:33.33%\">\n<div style=\"padding:56.25% 0 0 0;position:relative;\"><iframe src=\"https:\/\/player.vimeo.com\/video\/1158749937?h=46c024ce5e&amp;badge=0&amp;autopause=0&amp;player_id=0&amp;app_id=58479\" frameborder=\"0\" allow=\"autoplay; fullscreen; picture-in-picture; clipboard-write; encrypted-media; web-share\" referrerpolicy=\"strict-origin-when-cross-origin\" style=\"position:absolute;top:0;left:0;width:100%;height:100%;\" title=\"Bernard Bondieu 2 AVI ML  9 juin 2020\"><\/iframe><\/div><script src=\"https:\/\/player.vimeo.com\/api\/player.js\"><\/script>\n\n\n\n<p style=\"font-size:11px\">Film documentaire de 26 mns juin 2020<\/p>\n<\/div>\n\n\n\n<div class=\"wp-block-column is-layout-flow wp-block-column-is-layout-flow\" style=\"flex-basis:66.66%\">\n<p style=\"font-size:14px\"><strong>Les Voyages de Bernard BONDIEU<\/strong><\/p>\n\n\n\n<p class=\"has-drop-cap\" style=\"font-style:italic;font-weight:900\">Si Bernard Bondieu, cet artiste \u00ab singulier \u00bb, a choisi de vivre aux Coudercs, dans ce petit village de Creuse, ce n\u2019est pas pour autant un reclus, loin de l\u00e0. Il voyage, fait des rencontres, dessine les personnages qu\u2019il croise, parfois sans visage ou vus de dos. Il expose aussi les \u0153uvres des autres artistes auxquelles il est sensible.<\/p>\n\n\n\n<p style=\"font-style:normal;font-weight:900\">Il peint et sculpte beaucoup, en particulier les figures de ceux qu\u2019il a rencontr\u00e9s au pays imaginaire du po\u00e8te Henri Michaux, la Grande Garabagne. Les Emanglons, les Orbus, autant de peuplades aux m\u0153urs \u00e9tranges mais au fond pas si \u00e9loign\u00e9es de nous, comme le fait remarquer Bernard Bondieu. Mis en sc\u00e8ne, ces personnages reproduisent avec fid\u00e9lit\u00e9 et humour les situations imagin\u00e9es par Michaux. V\u00e9ritables \u00ab invitations au voyage \u00bb, les \u0153uvres de Bernard Bondieu nous \u00e9tonnent, nous amusent parfois, nous enchantent toujours si on veut bien se laisser embarquer.<\/p>\n\n\n\n<p style=\"font-style:normal;font-weight:900\">Ce sont ces carnets de voyage que ce film donne \u00e0 voir, au moment o\u00f9 l\u2019artiste s\u2019appr\u00eate \u00e0 exposer l\u2019ensemble de ces dessins et sculptures \u00e0 l\u2019abbaye de Pr\u00e9beno\u00eet en Creuse.<\/p>\n<\/div>\n<\/div>\n<\/div>\n<\/div>\n\n\n\n<p><\/p>\n\n\n\n<p><\/p>\n","protected":false},"excerpt":{"rendered":"<p>Film documentaire de 20 mns mai 2018 R\u00e9cup\u00a0\u2018Art- Une Parcelle d\u2019Eternit\u00e9 Jean-Pierre Moreau a consacr\u00e9 tout son temps et son savoir faire de soudeur \u00e0 cette parcelle de terre, cach\u00e9e en pleine nature, en bordure du Taurion. Donner une nouvelle vie \u00e0 une multitude d\u2019objets h\u00e9t\u00e9roclites r\u00e9cup\u00e9r\u00e9s au gr\u00e9 de ses p\u00e9r\u00e9grinations \u00e9tait sa passion. [&hellip;]<\/p>\n","protected":false},"author":1,"featured_media":0,"parent":0,"menu_order":0,"comment_status":"closed","ping_status":"closed","template":"","meta":{"ocean_post_layout":"full-width","ocean_both_sidebars_style":"","ocean_both_sidebars_content_width":0,"ocean_both_sidebars_sidebars_width":0,"ocean_sidebar":"","ocean_second_sidebar":"","ocean_disable_margins":"enable","ocean_add_body_class":"","ocean_shortcode_before_top_bar":"","ocean_shortcode_after_top_bar":"","ocean_shortcode_before_header":"","ocean_shortcode_after_header":"","ocean_has_shortcode":"","ocean_shortcode_after_title":"","ocean_shortcode_before_footer_widgets":"","ocean_shortcode_after_footer_widgets":"","ocean_shortcode_before_footer_bottom":"","ocean_shortcode_after_footer_bottom":"","ocean_display_top_bar":"default","ocean_display_header":"default","ocean_header_style":"","ocean_center_header_left_menu":"","ocean_custom_header_template":"","ocean_custom_logo":0,"ocean_custom_retina_logo":0,"ocean_custom_logo_max_width":0,"ocean_custom_logo_tablet_max_width":0,"ocean_custom_logo_mobile_max_width":0,"ocean_custom_logo_max_height":0,"ocean_custom_logo_tablet_max_height":0,"ocean_custom_logo_mobile_max_height":0,"ocean_header_custom_menu":"2","ocean_menu_typo_font_family":"Arial, Helvetica, sans-serif","ocean_menu_typo_font_subset":"","ocean_menu_typo_font_size":0,"ocean_menu_typo_font_size_tablet":0,"ocean_menu_typo_font_size_mobile":0,"ocean_menu_typo_font_size_unit":"px","ocean_menu_typo_font_weight":"","ocean_menu_typo_font_weight_tablet":"","ocean_menu_typo_font_weight_mobile":"","ocean_menu_typo_transform":"","ocean_menu_typo_transform_tablet":"","ocean_menu_typo_transform_mobile":"","ocean_menu_typo_line_height":50,"ocean_menu_typo_line_height_tablet":0,"ocean_menu_typo_line_height_mobile":0,"ocean_menu_typo_line_height_unit":"","ocean_menu_typo_spacing":0,"ocean_menu_typo_spacing_tablet":0,"ocean_menu_typo_spacing_mobile":0,"ocean_menu_typo_spacing_unit":"","ocean_menu_link_color":"","ocean_menu_link_color_hover":"","ocean_menu_link_color_active":"","ocean_menu_link_background":"","ocean_menu_link_hover_background":"","ocean_menu_link_active_background":"","ocean_menu_social_links_bg":"","ocean_menu_social_hover_links_bg":"","ocean_menu_social_links_color":"","ocean_menu_social_hover_links_color":"","ocean_disable_title":"on","ocean_disable_heading":"default","ocean_post_title":"","ocean_post_subheading":"","ocean_post_title_style":"","ocean_post_title_background_color":"","ocean_post_title_background":0,"ocean_post_title_bg_image_position":"","ocean_post_title_bg_image_attachment":"","ocean_post_title_bg_image_repeat":"","ocean_post_title_bg_image_size":"","ocean_post_title_height":0,"ocean_post_title_bg_overlay":0.5,"ocean_post_title_bg_overlay_color":"","ocean_disable_breadcrumbs":"default","ocean_breadcrumbs_color":"","ocean_breadcrumbs_separator_color":"","ocean_breadcrumbs_links_color":"","ocean_breadcrumbs_links_hover_color":"","ocean_display_footer_widgets":"default","ocean_display_footer_bottom":"default","ocean_custom_footer_template":"","footnotes":""},"class_list":["post-9","page","type-page","status-publish","hentry","entry"],"_links":{"self":[{"href":"https:\/\/la25image.ovh\/index.php\/wp-json\/wp\/v2\/pages\/9","targetHints":{"allow":["GET"]}}],"collection":[{"href":"https:\/\/la25image.ovh\/index.php\/wp-json\/wp\/v2\/pages"}],"about":[{"href":"https:\/\/la25image.ovh\/index.php\/wp-json\/wp\/v2\/types\/page"}],"author":[{"embeddable":true,"href":"https:\/\/la25image.ovh\/index.php\/wp-json\/wp\/v2\/users\/1"}],"replies":[{"embeddable":true,"href":"https:\/\/la25image.ovh\/index.php\/wp-json\/wp\/v2\/comments?post=9"}],"version-history":[{"count":87,"href":"https:\/\/la25image.ovh\/index.php\/wp-json\/wp\/v2\/pages\/9\/revisions"}],"predecessor-version":[{"id":1858,"href":"https:\/\/la25image.ovh\/index.php\/wp-json\/wp\/v2\/pages\/9\/revisions\/1858"}],"wp:attachment":[{"href":"https:\/\/la25image.ovh\/index.php\/wp-json\/wp\/v2\/media?parent=9"}],"curies":[{"name":"wp","href":"https:\/\/api.w.org\/{rel}","templated":true}]}}